{"id":216,"date":"2025-08-24T13:29:46","date_gmt":"2025-08-24T04:29:46","guid":{"rendered":"https:\/\/akarusumizawa.jp\/%e3%83%97%e3%83%ad%e3%83%95%e3%82%a3%e3%83%bc%e3%83%ab\/"},"modified":"2025-10-05T23:07:15","modified_gmt":"2025-10-05T14:07:15","slug":"profile","status":"publish","type":"page","link":"https:\/\/akarusumizawa.jp\/de\/profile\/","title":{"rendered":"Bio"},"content":{"rendered":"\n<p><strong>Akaru Sumizawa wurde 1995 in Saitama (Japan) geboren. <\/strong>Er absolvierte zun\u00e4chst das Studium der Musikwissenschaften an der Tokyo University of the Arts. Im Oktober 2019 nahm er sein Studium an der Hochschule f\u00fcr Musik und Darstellende Kunst Mannheim bei Prof. Stefan Blunier und Prof. Cosima Sophia Osthoff auf. Im Sommer 2023 schloss er sein Studium im Studiengang Orchesterdirigieren (Schwerpunkt Sinfonik) ab und wurde direkt in den Studiengang Master Operndirigieren aufgenommen.<\/p>\n\n\n\n<p>Im Jahr 2024 wirkte er an der Auff\u00fchrung in der Musikhochschule von Leonard Bernsteins \u201eTrouble in Tahiti&#8220; und von Amadeus Mozarts \u201eDie Zauberfl\u00f6te\u201c als Dirigent mit. Au\u00dferdem war er im Oktober 2024 an der Auff\u00fchrung am Pfalztheater Kaiserslautern von &#8222;Das Tagebuch der Anne Frank&#8220; als musikalischer Leiter sowie Pianist beteiligt.<\/p>\n\n\n\n<p>Im Fr\u00fchjahr 2025 ist er als Assistent und Dirigent bei der Produktion von H\u00e4ndels Alcina an der Musikhochschule Mannheim t\u00e4tig. Dar\u00fcber hinaus \u00fcbernimmt er im Mai 2025 die musikalische Assistenz und Leitung einzelner Teile der Oper <em>Die wei\u00dfe Rose<\/em> von Udo Zimmermann in Zusammenarbeit mit der Pfalzphilharmonie.<\/p>\n\n\n\n<p>Er erhielt auch mehrere Stipendien: den \u201eYellow Angel\u201c von Herrn Tokuji Munetsugu (2022\u20132024) sowie das \u201eOverseas Study for Upcoming Artists\u201c-Programm der japanischen Agentur f\u00fcr kulturelle Angelegenheiten (seit 2024).<\/p>\n\n\n\n<p><\/p>\n\n\n\n<p><\/p>\n\n\n\n<div class=\"wp-block-columns is-layout-flex wp-container-core-columns-is-layout-28f84493 wp-block-columns-is-layout-flex\">\n<div class=\"wp-block-column is-layout-flow wp-block-column-is-layout-flow\">\n<div class=\"wp-block-buttons is-layout-flex wp-block-buttons-is-layout-flex\">\n<div class=\"wp-block-button\"><a class=\"wp-block-button__link wp-element-button\" href=\"https:\/\/docs.google.com\/spreadsheets\/d\/1e-AUNeBSoqpI9pyTPzi9oStS6fLe5FZV\/export?format=pdf&amp;ouid=112652798450426091841&amp;rtpof=true&amp;sd=true\">Repertoire<\/a><\/div>\n<\/div>\n<\/div>\n\n\n\n<div class=\"wp-block-column is-layout-flow wp-block-column-is-layout-flow\"><\/div>\n\n\n\n<div class=\"wp-block-column is-layout-flow wp-block-column-is-layout-flow\">\n<div class=\"wp-block-buttons is-layout-flex wp-block-buttons-is-layout-flex\">\n<div class=\"wp-block-button has-custom-width wp-block-button__width-75\"><a class=\"wp-block-button__link has-primary-color-background-color has-background wp-element-button\" href=\"https:\/\/akarusumizawa.jp\/de\/form\/\">Kontakt<\/a><\/div>\n<\/div>\n<\/div>\n<\/div>\n\n\n\n<p><\/p>\n","protected":false},"excerpt":{"rendered":"<p>Akaru Sumizawa wurde 1995 in Saitama (Japan) geboren. Er absolvierte zun\u00e4chst das Studium der Musikwissenschaften an der Tokyo University of the Arts. Im Oktober 2019 nahm er sein Studium an der Hochschule f\u00fcr Musik und Darstellende Kunst Mannheim bei Prof. Stefan Blunier und Prof. Cosima Sophia Osthoff auf. Im Sommer 2023 schloss er sein Studium [&hellip;]<\/p>\n","protected":false},"author":1,"featured_media":217,"parent":0,"menu_order":0,"comment_status":"closed","ping_status":"closed","template":"","meta":{"footnotes":""},"class_list":["post-216","page","type-page","status-publish","has-post-thumbnail","hentry"],"_links":{"self":[{"href":"https:\/\/akarusumizawa.jp\/de\/wp-json\/wp\/v2\/pages\/216","targetHints":{"allow":["GET"]}}],"collection":[{"href":"https:\/\/akarusumizawa.jp\/de\/wp-json\/wp\/v2\/pages"}],"about":[{"href":"https:\/\/akarusumizawa.jp\/de\/wp-json\/wp\/v2\/types\/page"}],"author":[{"embeddable":true,"href":"https:\/\/akarusumizawa.jp\/de\/wp-json\/wp\/v2\/users\/1"}],"replies":[{"embeddable":true,"href":"https:\/\/akarusumizawa.jp\/de\/wp-json\/wp\/v2\/comments?post=216"}],"version-history":[{"count":4,"href":"https:\/\/akarusumizawa.jp\/de\/wp-json\/wp\/v2\/pages\/216\/revisions"}],"predecessor-version":[{"id":230,"href":"https:\/\/akarusumizawa.jp\/de\/wp-json\/wp\/v2\/pages\/216\/revisions\/230"}],"wp:featuredmedia":[{"embeddable":true,"href":"https:\/\/akarusumizawa.jp\/de\/wp-json\/wp\/v2\/media\/217"}],"wp:attachment":[{"href":"https:\/\/akarusumizawa.jp\/de\/wp-json\/wp\/v2\/media?parent=216"}],"curies":[{"name":"wp","href":"https:\/\/api.w.org\/{rel}","templated":true}]}}